{"id":794,"date":"2024-07-13T13:44:04","date_gmt":"2024-07-13T05:44:04","guid":{"rendered":"http:\/\/themetest3.local\/?page_id=794"},"modified":"2025-09-11T14:30:28","modified_gmt":"2025-09-11T06:30:28","slug":"contact-us","status":"publish","type":"page","link":"https:\/\/xuyeequipment.com\/tr\/contact-us.html","title":{"rendered":"B\u0130ZE ULA\u015eIN"},"content":{"rendered":"<section class=\"wp-block-themepark-block-themepark-area block_layout thempark-block undefined\" id=\"\" style=\"background-color:#ffffff;padding-top:190px;height:400px;box-sizing: border-box;width: 100%;\" data-swiper-parallax=\"-700\"><div class=\"block_layout_in\" style=\"\">\n<div class=\"wp-block-column block_layout_in is-layout-flow wp-block-column-is-layout-flow\">\n<div class=\"wp-block-themepark-block-themepark-wright content-super-p\" style=\"font-size:12px;line-height:24px;padding:10px 15px;\">\n<div class=\"wp-block-column is-layout-flow wp-block-column-is-layout-flow\">\n<p class=\"has-monte-white-color has-text-color has-link-color has-small-font-size wp-elements-6b79be76fdedbc902e73d697b2ceec17\" style=\"text-transform:uppercase\"><\/p>\n\n\n\n<h2 class=\"wp-block-heading has-large-font-size\">B\u0130ZE ULA\u015eIN<\/h2>\n\n\n\n<div class=\"wp-block-themepark-block-themepark-xian theme_fang_out\" style=\"text-align:left;padding-top:15px;\"><div class=\"fangbox\" style=\"width:63px;height:5px;background-color:#ffffff;\"><\/div><\/div>\n\n\n\n<p class=\"has-monte-white-color has-text-color has-link-color has-medium-font-size wp-elements-81a599225ecc1d9ac102730246318eac\"><\/p>\n<\/div>\n<\/div>\n<\/div>\n<\/div><div class=\"layout_badh\"><div class=\"shizhezhao\" style=\"opacity:0.15;background-color:#87ab02;\"><\/div><div class=\"PcOnly themepark-block_layout_ba lazyload swiper-lazy\" style=\"background-repeat:no-repeat;background-position:left top;\" data-background=\"http:\/\/xuyeequipment.com\/wp-content\/uploads\/2025\/04\/banner-2.jpg\"><\/div><div class=\"MovePnly themepark-block_layout_ba lazyload swiper-move-lazy\" style=\"background-repeat:no-repeat;background-position:left top;\" data-background=\"http:\/\/xuyeequipment.com\/wp-content\/uploads\/2025\/04\/banner-2.jpg\"><\/div><\/div><\/section>\n\n\n\n<section class=\"wp-block-themepark-block-themepark-area block_layout thempark-block undefined\" id=\"\" style=\"background-color:#ffffff;padding-bottom:17px;padding-top:57px;\" data-swiper-parallax=\"-700\"><div class=\"block_layout_in\" style=\"\">\n<div class=\"wp-block-column block_layout_in is-layout-flow wp-block-column-is-layout-flow\" id=\"p3\">\n<div class=\"wp-block-themepark-block-themepark-comment thempark-block themepark-comment undefined\" style=\"padding-bottom:20px;padding-top:2px;\"><div class=\"themepark-comment_in\" id=\"\"><div class=\"themepark-comment_inb2\"><div class=\"themepark-comment_inb\" style=\"\"><div class=\"themepark-comment_img add interbox\" style=\"width:41%\">\n<div class=\"wp-block-column is-layout-flow wp-block-column-is-layout-flow\">\n<section class=\"wp-block-themepark-block-themepark-icon thempark-block themepark_icon_list_out undefined\" id=\"nomo2\" style=\"\"><div class=\"themepark_icon_list_in\" style=\"\"><div class=\"themepark_icon_lists iconl1 iconls1\" style=\"\"><a class=\"themepark_icon_box\"><div class=\"themepark_icon_box_i\"><div class=\"themepark_icon_box_i_out\"><i class=\"fas fa-check-circle\" style=\"color:#87ab02;font-size:20px;\"><\/i><\/div><b style=\"font-size:20px;color:#202020;\">TEL<\/b><\/div><div class=\"themepark_icon_box_d\" style=\"font-size:14px;color:#666666;\"><span>+8613007608827<\/span><\/div><div class=\"themepark_icon_box_bac\" style=\"background:#f9f9f9;border-radius:20px;\"><\/div><\/a><a class=\"themepark_icon_box\"><div class=\"themepark_icon_box_i\"><div class=\"themepark_icon_box_i_out\"><i class=\"fas fa-check-circle\" style=\"color:#87ab02;font-size:20px;\"><\/i><\/div><b style=\"font-size:20px;color:#202020;\">E-POSTA<\/b><\/div><div class=\"themepark_icon_box_d\" style=\"font-size:14px;color:#666666;\"><span>info@xuyemachinery.com<\/span><\/div><div class=\"themepark_icon_box_bac\" style=\"background:#f9f9f9;border-radius:20px;\"><\/div><\/a><a class=\"themepark_icon_box\"><div class=\"themepark_icon_box_i\"><div class=\"themepark_icon_box_i_out\"><i class=\"fas fa-check-circle\" style=\"color:#87ab02;font-size:20px;\"><\/i><\/div><b style=\"font-size:20px;color:#202020;\">ADRES<\/b><\/div><div class=\"themepark_icon_box_d\" style=\"font-size:14px;color:#666666;\"><span>No. 51, Qida Yolu, Dayugou Kasabas\u0131, Gongyi \u015eehri, Zhengzhou \u015eehri, Henan Eyaleti, \u00c7in<\/span><\/div><div class=\"themepark_icon_box_bac\" style=\"background:#f9f9f9;border-radius:20px;\"><\/div><\/a><\/div><\/div><\/section>\n<\/div>\n<\/div><div class=\"themepark-comment_form nolable\" style=\"width:54%\"><div class=\"fromtts\" style=\"\"><span class=\"fromtt\" style=\"font-size:22px;\">Formu g\u00f6nderin, \u00fcr\u00fcn m\u00fcd\u00fcr\u00fc 24 saat i\u00e7inde sizinle ileti\u015fime ge\u00e7ecektir<\/span><\/div><form id=\"commentform-park\" class=\"themepark-c-f\" action=\"https:\/\/xuyeequipment.com\/wp-comments-post.php\" method=\"post\" autocomplete=\"off\" data-trp-original-action=\"https:\/\/xuyeequipment.com\/wp-comments-post.php\"><div class=\"themepark-comment_form_box tptext\" style=\"font-size:14px;\"><lable for=\"tpcommet0\" class=\"\"><input type=\"text\" id=\"tpcommet0\" name=\"tpcommet0\" size=\"28\" style=\"color:#616161;border: solid 1px #dfdfdf;background-color: #ffffff;\" placeholder=\"\u0130sim\"\/><\/lable><\/div><div class=\"themepark-comment_form_box tptext tel-c\" style=\"font-size:14px;\"><lable for=\"tpcommet1\" class=\"required\"><input type=\"text\" class=\"f-tel\" id=\"tpcommet1\" name=\"tpcommet1\" size=\"28\" required style=\"color:#616161;border: solid 1px #dfdfdf;background-color: #ffffff;\" placeholder=\"Tel\"\/><span class=\"required\">*<div class=\"required_tishi animated\"><i class=\"fas fa-exclamation-circle\"><\/i><span><\/span><\/div><\/span><\/lable><\/div><div class=\"themepark-comment_form_box tptext\" style=\"font-size:14px;\"><lable for=\"tpcommet2\" class=\"\"><input type=\"text\" id=\"tpcommet2\" name=\"tpcommet2\" size=\"28\" style=\"color:#616161;border: solid 1px #dfdfdf;background-color: #ffffff;\" placeholder=\"\u015eirket\"\/><\/lable><\/div><div class=\"themepark-comment_form_box tptext mail-c\" style=\"font-size:14px;\"><lable for=\"tpcommet3\" class=\"required\"><input type=\"text\" class=\"f-email\" id=\"tpcommet3\" name=\"tpcommet3\" size=\"28\" required style=\"color:#616161;border: solid 1px #dfdfdf;background-color: #ffffff;\" placeholder=\"E-posta\"\/><span class=\"required\">*<div class=\"required_tishi animated\"><i class=\"fas fa-exclamation-circle\"><\/i><span><\/span><\/div><\/span><\/lable><\/div><div class=\"themepark-comment_form_box tpTextarea\" style=\"font-size:14px;\"><lable for=\"tpcommet4\"><textarea id=\"tpcommet4\" name=\"tpcommet4\" style=\"color:#616161;border: solid 1px #dfdfdf;background-color: #ffffff;\" placeholder=\"Mesaj\"><\/textarea><\/lable><\/div><div class=\"hiddeninput\"><input name=\"comment_post_ID\" type=\"hidden\" value=\"794\"\/><input name=\"author\" type=\"hidden\" class=\"author\"\/><input name=\"email\" type=\"hidden\" class=\"email\"\/><textarea name=\"comment\" style=\"display:none\" class=\"comment\"><\/textarea><input name=\"themeparklable\" type=\"hidden\" value=\"Name|Tel|Company|Email|Message\"\/><input name=\"themeparktype\" type=\"hidden\" value=\"text|text3|text|text2|Textarea\"\/><input name=\"redirect_to\" type=\"hidden\" value=\"https:\/\/xuyeequipment.com\"\/><input name=\"inquiryid\" type=\"hidden\"\/><input name=\"inquirytime\" type=\"hidden\"\/><input name=\"position\" type=\"hidden\"\/><\/div><div class=\"submut_box\"><input type=\"submit\" class=\"submut_btn\" name=\"submit\" style=\"background:#8cc63f;\" value=\"G\u00d6NDER\"\/><div class=\"tishi\" style=\"color:#070707;\"><div class=\"loading\" style=\"color:#616161;\"><i class=\"fas fa-spinner\"><\/i>G\u00f6nderiliyor....<\/div><div class=\"success\" style=\"color:#616161;\"><i class=\"fas fa-check\"><\/i>G\u00f6nderim ba\u015far\u0131l\u0131!<\/div><div class=\"erro\" style=\"color:#616161;\"><i class=\"fas fa-exclamation-circle\"><\/i>G\u00f6nderim ba\u015far\u0131s\u0131z oldu! L\u00fctfen daha sonra tekrar deneyin<\/div><div class=\"e-email\">E-posta hatas\u0131!<\/div><div class=\"e-tel\">Telefon hatas\u0131!<\/div><\/div><\/div><input type=\"hidden\" name=\"trp-form-language\" value=\"tr\"\/><\/form><\/div><div class=\"wp_clear\"><\/div><\/div><div class=\"themepark-comment_in_b\" style=\"opacity:0.83;undefinedtransform:scaleX(1.089) scaleY(1.0129)\"><\/div><\/div><\/div><div class=\"wp_clear\"><\/div><\/div>\n<\/div>\n<\/div><div class=\"layout_badh\"><\/div><\/section>","protected":false},"excerpt":{"rendered":"","protected":false},"author":1,"featured_media":0,"parent":0,"menu_order":0,"comment_status":"open","ping_status":"closed","template":"","meta":{"themepark_post_bcolor":"#f5f5f5","themepark_post_width":"100%","themepark_post_img":"","themepark_post_img_po":"left","themepark_post_img_re":false,"themepark_post_img_cover":false,"themepark_post_img_fixed":false,"themepark_post_hide_title":true,"themepark_post_main_b":"","themepark_post_main_p":100,"themepark_paddingblock":true,"footnotes":""},"class_list":["post-794","page","type-page","status-publish","hentry"],"_links":{"self":[{"href":"https:\/\/xuyeequipment.com\/tr\/wp-json\/wp\/v2\/pages\/794","targetHints":{"allow":["GET"]}}],"collection":[{"href":"https:\/\/xuyeequipment.com\/tr\/wp-json\/wp\/v2\/pages"}],"about":[{"href":"https:\/\/xuyeequipment.com\/tr\/wp-json\/wp\/v2\/types\/page"}],"author":[{"embeddable":true,"href":"https:\/\/xuyeequipment.com\/tr\/wp-json\/wp\/v2\/users\/1"}],"replies":[{"embeddable":true,"href":"https:\/\/xuyeequipment.com\/tr\/wp-json\/wp\/v2\/comments?post=794"}],"version-history":[{"count":12,"href":"https:\/\/xuyeequipment.com\/tr\/wp-json\/wp\/v2\/pages\/794\/revisions"}],"predecessor-version":[{"id":1834,"href":"https:\/\/xuyeequipment.com\/tr\/wp-json\/wp\/v2\/pages\/794\/revisions\/1834"}],"wp:attachment":[{"href":"https:\/\/xuyeequipment.com\/tr\/wp-json\/wp\/v2\/media?parent=794"}],"curies":[{"name":"wp","href":"https:\/\/api.w.org\/{rel}","templated":true}]}}