{"id":409,"date":"2024-07-11T15:24:11","date_gmt":"2024-07-11T07:24:11","guid":{"rendered":"http:\/\/themetest3.local\/?page_id=409"},"modified":"2025-09-06T15:19:55","modified_gmt":"2025-09-06T07:19:55","slug":"about-us","status":"publish","type":"page","link":"https:\/\/xuyeequipment.com\/tr\/about-us.html","title":{"rendered":"HAKKIMIZDA"},"content":{"rendered":"<section class=\"wp-block-themepark-block-themepark-area block_layout thempark-block undefined\" id=\"\" style=\"padding-top:190px;height:400px;box-sizing: border-box;width: 100%;\" data-swiper-parallax=\"-700\"><div class=\"block_layout_in\" style=\"\">\n<div class=\"wp-block-column block_layout_in is-layout-flow wp-block-column-is-layout-flow\">\n<div class=\"wp-block-themepark-block-themepark-wright content-super-p\" style=\"font-size:12px;line-height:24px;padding:10px 15px;\">\n<div class=\"wp-block-column is-layout-flow wp-block-column-is-layout-flow\">\n<p class=\"has-monte-white-color has-text-color has-link-color has-small-font-size wp-elements-6b79be76fdedbc902e73d697b2ceec17\" style=\"text-transform:uppercase\"><\/p>\n\n\n\n<h2 class=\"wp-block-heading has-monte-white-color has-text-color has-link-color has-large-font-size wp-elements-3318985696c3983627d08d8f62a953c9\">HAKKIMIZDA<\/h2>\n\n\n\n<div class=\"wp-block-themepark-block-themepark-xian theme_fang_out\" style=\"text-align:left;padding-top:15px;\"><div class=\"fangbox\" style=\"width:63px;height:5px;background-color:#ffffff;\"><\/div><\/div>\n\n\n\n<p class=\"has-monte-white-color has-text-color has-link-color has-normal-font-size wp-elements-f34a1ce83eca799c1296c34e242751f4\">Y\u00fcksek verimli aktif karbon d\u00f6ner f\u0131r\u0131n ekipmanlar\u0131n\u0131n profesyonel \u00fcreticisi<\/p>\n<\/div>\n<\/div>\n<\/div>\n<\/div><div class=\"layout_badh\"><div class=\"shizhezhao\" style=\"opacity:0.15;background-color:#000000;\"><\/div><div class=\"PcOnly themepark-block_layout_ba lazyload swiper-lazy\" style=\"background-repeat:no-repeat;background-position:left top;\" data-background=\"https:\/\/xuyeequipment.com\/wp-content\/uploads\/2025\/09\/activated-carbon-rotary-kiln-3.webp\"><\/div><div class=\"MovePnly themepark-block_layout_ba lazyload swiper-move-lazy\" style=\"background-repeat:no-repeat;background-position:left top;\" data-background=\"https:\/\/xuyeequipment.com\/wp-content\/uploads\/2025\/09\/activated-carbon-rotary-kiln-3.webp\"><\/div><\/div><\/section>\n\n\n\n<div class=\"wp-block-themepark-block-btn themepark-i-btn-out maodian  fixded shadow\" style=\"text-align:center;\"><div class=\"themepark-i-btn-out_ins\" style=\"background-color:#87ab02;\"><div class=\"themepark-i-btn-out_in\"><div class=\"themepark-i-btn  active\" style=\"color:#ffffff;font-size:16px;border-radius:20px;padding:5px 23px;margin-bottom:13px;margin-top:13px;\"><a href=\"#about1\" rel=\"noopener noreferrer \">KURUMSAL PROFI\u0307L<\/a><a class=\"hovers\" data-title=\"ENTERPRISE PROFILE\" style=\"color:#87ab02;background-color:#ffffff;padding:5px 23px;border-radius:20px;\" href=\"#about1\" rel=\"noopener noreferrer\" target=\"_self\"><\/a><\/div><div class=\"themepark-i-btn\" style=\"color:#ffffff;font-size:16px;border-radius:20px;padding:5px 23px;margin-bottom:13px;margin-top:13px;\"><a href=\"#about2\" rel=\"noopener noreferrer\" target=\"_self\">ARA\u015eTIRMA VE YENI\u0307LI\u0307K\u00c7I\u0307LI\u0307K<\/a><a class=\"hovers\" data-title=\"RESEARCH AND INNOVATION\" style=\"color:#87ab02;background-color:#ffffff;padding:5px 23px;border-radius:20px;\" href=\"#about2\" rel=\"noopener noreferrer\" target=\"_self\"><\/a><\/div><\/div><\/div><\/div>\n\n\n\n<section class=\"wp-block-themepark-block-themepark-area block_layout thempark-block undefined\" id=\"\" style=\"background-color:#ffffff;padding-bottom:44px;padding-top:78px;\" data-swiper-parallax=\"-700\"><div class=\"block_layout_in\" style=\"\">\n<div class=\"wp-block-column block_layout_in is-layout-flow wp-block-column-is-layout-flow\" id=\"about1\">\n<div class=\"wp-block-columns is-layout-flex wp-container-core-columns-is-layout-9d6595d7 wp-block-columns-is-layout-flex\">\n<div class=\"wp-block-column is-layout-flow wp-block-column-is-layout-flow\">\n<div class=\"wp-block-themepark-block-themepark-wright content-super-p\" style=\"font-size:12px;line-height:24px;padding:10px 15px;\">\n<div class=\"wp-block-column is-layout-flow wp-block-column-is-layout-flow\">\n<h2 class=\"wp-block-heading has-large-font-size\">KURUMSAL PROFI\u0307L<\/h2>\n\n\n\n<div class=\"wp-block-themepark-block-themepark-xian theme_fang_out\" style=\"text-align:left;padding-top:15px;\"><div class=\"fangbox\" style=\"width:63px;height:5px;background-color:#87ab02;\"><\/div><\/div>\n<\/div>\n<\/div>\n\n\n\n<div class=\"wp-block-themepark-block-themepark-wright content-super-p\" style=\"font-size:15px;line-height:29px;color:#666666;padding:10px 15px;\">\n<div class=\"wp-block-column is-layout-flow wp-block-column-is-layout-flow\">\n<p><strong>Henan Xuye Makine Ekipman Co, Ltd.<\/strong>&nbsp;geli\u015fmi\u015f end\u00fcstriyel termal i\u015fleme ekipmanlar\u0131 konusunda uzmanla\u015fm\u0131\u015f lider bir \u00fcreticidir. Y\u00fcksek performansl\u0131 \u00fcr\u00fcnler tasarl\u0131yor ve \u00fcretiyoruz.&nbsp;<strong>akti\u0307f karbon firinlari<\/strong>,&nbsp;<strong>biyok\u00f6m\u00fcr f\u0131r\u0131nlar\u0131<\/strong>ve&nbsp;<strong>end\u00fcstri\u0307yel kurutma si\u0307stemleri\u0307<\/strong>.<\/p>\n\n\n\n<p>Aktif karbon f\u0131r\u0131nlar\u0131m\u0131z hassas&nbsp;<strong>karbonizasyon ve aktivasyon<\/strong>\u00e7evresel, kimyasal ve farmas\u00f6tik uygulamalar i\u00e7in y\u00fcksek \u00fcr\u00fcn kalitesi sa\u011flar. Biyok\u00f6m\u00fcr \u00fcretim sistemlerinin \u00f6zellikleri&nbsp;<strong>tekd\u00fcze piroliz<\/strong>&nbsp;ve&nbsp;<strong>enerji\u0307 tasarruflu<\/strong>&nbsp;biyok\u00fctleyi tar\u0131m ve end\u00fcstri i\u00e7in de\u011ferli biyok\u00f6m\u00fcre d\u00f6n\u00fc\u015ft\u00fcr\u00fcyor. Kurutucular\u0131m\u0131z \u015funlar\u0131 sunar&nbsp;<strong>h\u0131zl\u0131 kurutma<\/strong>,&nbsp;<strong>d\u00fc\u015f\u00fck enerji t\u00fcketimi<\/strong>ve \u00e7e\u015fitli malzemelere uyarlanabilirlik.<\/p>\n\n\n\n<p>Henan Xuye Machinery, s\u00fcrd\u00fcr\u00fclebilir \u00fcretim i\u00e7in end\u00fcstrileri dayan\u0131kl\u0131, \u00e7evre dostu ekipmanlarla g\u00fc\u00e7lendirir.<\/p>\n\n\n\n<div class=\"wp-block-themepark-block-btn themepark-i-btn-out\" style=\"text-align:undefined;padding-top:24px;\"><div class=\"themepark-i-btn-out_ins\" style=\"\"><div class=\"themepark-i-btn-out_in\"><div class=\"themepark-i-btn\" style=\"background-color:#87ab02;color:#ffffff;font-size:16px;border-radius:20px;padding:6px 61px;\"><span>Bize Ula\u015f\u0131n<\/span><a class=\"hovers\" data-title=\"Contact Us\" style=\"color:#ffffff;background-color:#444444;padding:6px 61px;border-radius:20px;\" rel=\"noopener noreferrer\" target=\"_self\"><\/a><\/div><\/div><\/div><\/div>\n<\/div>\n<\/div>\n<\/div>\n\n\n\n<div class=\"wp-block-column is-layout-flow wp-block-column-is-layout-flow\" style=\"flex-basis:30px\"><\/div>\n\n\n\n<div class=\"wp-block-column is-layout-flow wp-block-column-is-layout-flow\" style=\"flex-basis:50%\">\n<section class=\"wp-block-themepark-block-themepark-imgtext thempark-block themepark_imgtext updonwmodle undefined\" style=\"\"><div class=\"themepark_imgtext_img\" style=\"\" data-swiper-parallax=\"-1800\"><figure class=\"wp-block-video\"><video class=\"themepark_imgtext_vidio\" poster=\"http:\/\/xuyeequipment.com\/wp-content\/uploads\/2025\/04\/005-2.jpg\" src=\"http:\/\/xuyeequipment.com\/wp-content\/uploads\/2025\/04\/factory.mp4\" controls preload=\"auto\" loop><source src=\"http:\/\/xuyeequipment.com\/wp-content\/uploads\/2025\/04\/factory.mp4\" type=\"video\/mp4\"\/><\/video><\/figure><img class=\"lazyload  swiper-lazy swiper-move-lazy\" style=\"\" data-src=\"http:\/\/xuyeequipment.com\/wp-content\/uploads\/2025\/04\/005-2.jpg\" alt=\"Gasifier Factory\"\/><\/div><div class=\"themepark_imgtext_text\" style=\"\" data-swiper-parallax=\"-1600\">\n<div class=\"wp-block-column is-layout-flow wp-block-column-is-layout-flow\">\n<section class=\"wp-block-themepark-block-themepark-icon thempark-block themepark_icon_list_out undefined  gundong\" id=\"nomo\" style=\"background:#87ab02;\"><div class=\"themepark_icon_list_in\" style=\"\"><div class=\"themepark_icon_lists iconl4 iconls2\" style=\"text-align: ;\"><a class=\"themepark_icon_box\"><div class=\"themepark_icon_box_i\"><div class=\"themepark_icon_box_i_out\"><\/div><b style=\"font-size:12px;color:#ffffff;\">Verimli<\/b><\/div><\/a><a class=\"themepark_icon_box\"><div class=\"themepark_icon_box_i\"><div class=\"themepark_icon_box_i_out\"><\/div><b style=\"font-size:12px;color:#ffffff;\">Enerji tasarrufu<\/b><\/div><\/a><a class=\"themepark_icon_box\"><div class=\"themepark_icon_box_i\"><div class=\"themepark_icon_box_i_out\"><\/div><b style=\"font-size:12px;color:#ffffff;\">\u00c7evre koruma<\/b><\/div><\/a><a class=\"themepark_icon_box\"><div class=\"themepark_icon_box_i\"><div class=\"themepark_icon_box_i_out\"><\/div><b style=\"font-size:12px;color:#ffffff;\">\u0130stihbarat<\/b><\/div><\/a><\/div><\/div><\/section>\n<\/div>\n<\/div><div class=\"themepark_imgtext_ba\" style=\"background-color:#87ab02;opacity:1;background-image:url(https:\/\/xuyeequipment.com\/wp-content\/uploads\/2025\/09\/xuye-factory.webp)\"><\/div><\/section>\n<\/div>\n<\/div>\n<\/div>\n<\/div><div class=\"layout_badh\"><\/div><\/section>\n\n\n\n<section class=\"wp-block-themepark-block-themepark-area block_layout thempark-block undefined bom30 top30\" id=\"\" style=\"padding-bottom:70px;padding-top:70px;\" data-swiper-parallax=\"-700\"><div class=\"block_layout_in\" style=\"\">\n<div class=\"wp-block-column block_layout_in is-layout-flow wp-block-column-is-layout-flow\">\n<section class=\"wp-block-themepark-block-themepark-icon thempark-block themepark_icon_list_out undefined  gundong\" id=\"nomo\" style=\"\"><div class=\"themepark_icon_list_in\" style=\"\"><div class=\"themepark_icon_lists iconl4 iconls2\" style=\"\"><a class=\"themepark_icon_box\"><div class=\"themepark_icon_box_i\"><div class=\"themepark_icon_box_i_out\"><i class=\"fas fa-database\" style=\"color:#ffffff;font-size:24px;\"><\/i><\/div><b style=\"font-size:22px;color:#ffffff;\">Verimli<\/b><\/div><div class=\"themepark_icon_box_d\" style=\"font-size:16px;color:#ffffff;height:31px;\"><span>Geli\u015ftirilmi\u015f \u00fcretim verimlili\u011fi<\/span><\/div><div class=\"themepark_icon_box_bac\" style=\"background:#000000;opacity:0.26;\"><\/div><\/a><a class=\"themepark_icon_box\"><div class=\"themepark_icon_box_i\"><div class=\"themepark_icon_box_i_out\"><i class=\"fas fa-shield-alt\" style=\"color:#ffffff;font-size:24px;\"><\/i><\/div><b style=\"font-size:22px;color:#ffffff;\">Enerji tasarrufu<\/b><\/div><div class=\"themepark_icon_box_d\" style=\"font-size:16px;color:#ffffff;height:31px;\"><span>\u0130\u015fletme maliyetlerini azalt\u0131n<\/span><\/div><div class=\"themepark_icon_box_bac\" style=\"background:#000000;opacity:0.26;\"><\/div><\/a><a class=\"themepark_icon_box\"><div class=\"themepark_icon_box_i\"><div class=\"themepark_icon_box_i_out\"><i class=\"fas fa-user-tie\" style=\"color:#ffffff;font-size:24px;\"><\/i><\/div><b style=\"font-size:22px;color:#ffffff;\">\u00c7evre koruma<\/b><\/div><div class=\"themepark_icon_box_d\" style=\"font-size:16px;color:#ffffff;height:31px;\"><span>Ye\u015fil \u00fcretim sa\u011flay\u0131n.<\/span><\/div><div class=\"themepark_icon_box_bac\" style=\"background:#000000;opacity:0.26;\"><\/div><\/a><a class=\"themepark_icon_box\"><div class=\"themepark_icon_box_i\"><div class=\"themepark_icon_box_i_out\"><i class=\"fas fa-umbrella\" style=\"color:#ffffff;font-size:24px;\"><\/i><\/div><b style=\"font-size:22px;color:#ffffff;\">\u0130stihbarat<\/b><\/div><div class=\"themepark_icon_box_d\" style=\"font-size:16px;color:#ffffff;height:31px;\"><span>Geli\u015ftirilmi\u015f i\u015f verimlili\u011fi.<\/span><\/div><div class=\"themepark_icon_box_bac\" style=\"background:#000000;opacity:0.26;\"><\/div><\/a><\/div><\/div><\/section>\n<\/div>\n<\/div><div class=\"layout_badh\"><div class=\"shizhezhao\" style=\"opacity:0.47;background-color:#87ab02;\"><\/div><div class=\"PcOnly themepark-block_layout_ba lazyload swiper-lazy\" style=\"background-repeat:no-repeat;background-size:cover;\" data-background=\"http:\/\/xuyeequipment.com\/wp-content\/uploads\/2025\/04\/banner1-1.jpg\"><\/div><div class=\"MovePnly themepark-block_layout_ba lazyload swiper-move-lazy\" style=\"background-repeat:no-repeat;background-size:cover;\" data-background=\"http:\/\/xuyeequipment.com\/wp-content\/uploads\/2025\/04\/banner1-1.jpg\"><\/div><\/div><\/section>\n\n\n\n<section class=\"wp-block-themepark-block-themepark-area block_layout thempark-block undefined\" id=\"\" style=\"background-color:#ffffff;padding-bottom:38px;padding-top:40px;\" data-swiper-parallax=\"-700\"><div class=\"block_layout_in\" style=\"\">\n<div class=\"wp-block-column block_layout_in is-layout-flow wp-block-column-is-layout-flow\" id=\"about2\">\n<div class=\"wp-block-themepark-block-themepark-wright content-super-p\" style=\"font-size:12px;line-height:24px;padding:10px 15px;\">\n<div class=\"wp-block-column is-layout-flow wp-block-column-is-layout-flow\">\n<p class=\"has-text-align-center has-themecolor-1-color has-text-color has-link-color has-small-font-size wp-elements-3ed1c4c5bc6e58cd1d4b21bbce3385d9\" style=\"text-transform:uppercase\"><\/p>\n\n\n\n<h2 class=\"wp-block-heading has-text-align-center has-large-font-size\">ARA\u015eTIRMA VE YENI\u0307LI\u0307K\u00c7I\u0307LI\u0307K<\/h2>\n\n\n\n<div class=\"wp-block-themepark-block-themepark-xian theme_fang_out\" style=\"text-align:center;padding-top:15px;padding-bottom:43px;\"><div class=\"fangbox\" style=\"width:63px;height:5px;background-color:#87ab02;\"><\/div><\/div>\n<\/div>\n<\/div>\n\n\n\n<p><\/p>\n<\/div>\n<\/div><div class=\"layout_badh\"><\/div><\/section>\n\n\n\n<section class=\"wp-block-themepark-block-themepark-area block_layout thempark-block undefined\" id=\"maxw\" style=\"background-color:#ffffff;\" data-swiper-parallax=\"-700\"><div class=\"block_layout_in\" style=\"\">\n<div class=\"wp-block-column block_layout_in is-layout-flow wp-block-column-is-layout-flow\">\n<section class=\"wp-block-themepark-block-themepark-imgtext thempark-block themepark_imgtext bigpic  padingmodle moveupd undefined\" style=\"\"><div class=\"themepark_imgtext_img\" style=\"width:50%;\" data-swiper-parallax=\"-1800\"><img class=\"lazyload  swiper-lazy swiper-move-lazy\" style=\"\" data-src=\"http:\/\/xuyeequipment.com\/wp-content\/uploads\/2025\/04\/enginer.jpg\" alt=\"\"\/><\/div><div class=\"themepark_imgtext_text\" style=\"width:47%;\" data-swiper-parallax=\"-1600\">\n<div class=\"wp-block-column is-layout-flow wp-block-column-is-layout-flow\">\n<div class=\"wp-block-themepark-block-themepark-wright content-super-p\" style=\"font-size:15px;line-height:29px;padding:10px 15px;\">\n<div class=\"wp-block-column is-layout-flow wp-block-column-is-layout-flow\">\n<p><\/p>\n\n\n\n<p><\/p>\n\n\n\n<p><\/p>\n\n\n\n<p>Xuye Machinery her zaman \"ara\u015ft\u0131rma\" ve \"inovasyonu\" \u015firketin geli\u015fimi i\u00e7in temel itici g\u00fc\u00e7 olarak g\u00f6rm\u00fc\u015ft\u00fcr. \u015eirket, tah\u0131l kurutma ekipman\u0131 ve enerji ekipmanlar\u0131nda teknolojik at\u0131l\u0131mlara ve yenilik\u00e7i y\u00fckseltmelere odaklanan \u00fcst d\u00fczey bir teknik Ar-Ge ekibine sahiptir. S\u00fcrekli \u00fcr\u00fcn ara\u015ft\u0131rma ve geli\u015ftirme ve teknolojik iyile\u015ftirmeler sayesinde Xuye, sekt\u00f6r\u00fcn geli\u015fimini desteklemeye ve ak\u0131ll\u0131 ve enerji tasarruflu ekipmanlar\u0131n \u00f6n saflar\u0131nda yer almaya devam etmektedir. Ekipmanlar\u0131m\u0131z ak\u0131ll\u0131 \u00e7al\u0131\u015fma, enerji kullan\u0131m verimlili\u011fi ve \u00e7evre koruma performans\u0131nda yenilikler yapmaya devam ederek m\u00fc\u015fterilere daha iyi ve daha ekonomik \u00e7\u00f6z\u00fcmler sunmaktad\u0131r.<\/p>\n\n\n\n<p class=\"has-normal-font-size\"><\/p>\n<\/div>\n\n\n\n<div class=\"wp-block-column is-layout-flow wp-block-column-is-layout-flow\"><\/div>\n<\/div>\n\n\n\n<p><\/p>\n<\/div>\n<\/div><div class=\"themepark_imgtext_ba\" style=\"background-color:#ffffff;opacity:1;\"><\/div><\/section>\n<\/div>\n<\/div><div class=\"layout_badh\"><\/div><\/section>\n\n\n\n<div class=\"wp-block-themepark-block-themepark-wright content-super-p\" style=\"font-size:12px;line-height:20px;padding:10px 10px;\">\n<div class=\"wp-block-column is-layout-flow wp-block-column-is-layout-flow\"><\/div>\n<\/div>","protected":false},"excerpt":{"rendered":"","protected":false},"author":1,"featured_media":0,"parent":0,"menu_order":0,"comment_status":"closed","ping_status":"closed","template":"","meta":{"themepark_post_bcolor":"#f5f5f5","themepark_post_width":"100% dong","themepark_post_img":"","themepark_post_img_po":"left","themepark_post_img_re":false,"themepark_post_img_cover":false,"themepark_post_img_fixed":false,"themepark_post_hide_title":true,"themepark_post_main_b":"","themepark_post_main_p":100,"themepark_paddingblock":true,"footnotes":""},"class_list":["post-409","page","type-page","status-publish","hentry"],"_links":{"self":[{"href":"https:\/\/xuyeequipment.com\/tr\/wp-json\/wp\/v2\/pages\/409","targetHints":{"allow":["GET"]}}],"collection":[{"href":"https:\/\/xuyeequipment.com\/tr\/wp-json\/wp\/v2\/pages"}],"about":[{"href":"https:\/\/xuyeequipment.com\/tr\/wp-json\/wp\/v2\/types\/page"}],"author":[{"embeddable":true,"href":"https:\/\/xuyeequipment.com\/tr\/wp-json\/wp\/v2\/users\/1"}],"replies":[{"embeddable":true,"href":"https:\/\/xuyeequipment.com\/tr\/wp-json\/wp\/v2\/comments?post=409"}],"version-history":[{"count":54,"href":"https:\/\/xuyeequipment.com\/tr\/wp-json\/wp\/v2\/pages\/409\/revisions"}],"predecessor-version":[{"id":1592,"href":"https:\/\/xuyeequipment.com\/tr\/wp-json\/wp\/v2\/pages\/409\/revisions\/1592"}],"wp:attachment":[{"href":"https:\/\/xuyeequipment.com\/tr\/wp-json\/wp\/v2\/media?parent=409"}],"curies":[{"name":"wp","href":"https:\/\/api.w.org\/{rel}","templated":true}]}}