{"id":409,"date":"2024-07-11T15:24:11","date_gmt":"2024-07-11T07:24:11","guid":{"rendered":"http:\/\/themetest3.local\/?page_id=409"},"modified":"2025-09-06T15:19:55","modified_gmt":"2025-09-06T07:19:55","slug":"about-us","status":"publish","type":"page","link":"https:\/\/xuyeequipment.com\/pt\/about-us.html","title":{"rendered":"SOBRE N\u00d3S"},"content":{"rendered":"<section class=\"wp-block-themepark-block-themepark-area block_layout thempark-block undefined\" id=\"\" style=\"padding-top:190px;height:400px;box-sizing: border-box;width: 100%;\" data-swiper-parallax=\"-700\"><div class=\"block_layout_in\" style=\"\">\n<div class=\"wp-block-column block_layout_in is-layout-flow wp-block-column-is-layout-flow\">\n<div class=\"wp-block-themepark-block-themepark-wright content-super-p\" style=\"font-size:12px;line-height:24px;padding:10px 15px;\">\n<div class=\"wp-block-column is-layout-flow wp-block-column-is-layout-flow\">\n<p class=\"has-monte-white-color has-text-color has-link-color has-small-font-size wp-elements-6b79be76fdedbc902e73d697b2ceec17\" style=\"text-transform:uppercase\"><\/p>\n\n\n\n<h2 class=\"wp-block-heading has-monte-white-color has-text-color has-link-color has-large-font-size wp-elements-3318985696c3983627d08d8f62a953c9\">SOBRE N\u00d3S<\/h2>\n\n\n\n<div class=\"wp-block-themepark-block-themepark-xian theme_fang_out\" style=\"text-align:left;padding-top:15px;\"><div class=\"fangbox\" style=\"width:63px;height:5px;background-color:#ffffff;\"><\/div><\/div>\n\n\n\n<p class=\"has-monte-white-color has-text-color has-link-color has-normal-font-size wp-elements-f34a1ce83eca799c1296c34e242751f4\">Fabricante profissional de equipamento de forno rotativo de carv\u00e3o ativado de alta efici\u00eancia<\/p>\n<\/div>\n<\/div>\n<\/div>\n<\/div><div class=\"layout_badh\"><div class=\"shizhezhao\" style=\"opacity:0.15;background-color:#000000;\"><\/div><div class=\"PcOnly themepark-block_layout_ba lazyload swiper-lazy\" style=\"background-repeat:no-repeat;background-position:left top;\" data-background=\"https:\/\/xuyeequipment.com\/wp-content\/uploads\/2025\/09\/activated-carbon-rotary-kiln-3.webp\"><\/div><div class=\"MovePnly themepark-block_layout_ba lazyload swiper-move-lazy\" style=\"background-repeat:no-repeat;background-position:left top;\" data-background=\"https:\/\/xuyeequipment.com\/wp-content\/uploads\/2025\/09\/activated-carbon-rotary-kiln-3.webp\"><\/div><\/div><\/section>\n\n\n\n<div class=\"wp-block-themepark-block-btn themepark-i-btn-out maodian  fixded shadow\" style=\"text-align:center;\"><div class=\"themepark-i-btn-out_ins\" style=\"background-color:#87ab02;\"><div class=\"themepark-i-btn-out_in\"><div class=\"themepark-i-btn  active\" style=\"color:#ffffff;font-size:16px;border-radius:20px;padding:5px 23px;margin-bottom:13px;margin-top:13px;\"><a href=\"#about1\" rel=\"noopener noreferrer \">PERFIL DA EMPRESA<\/a><a class=\"hovers\" data-title=\"ENTERPRISE PROFILE\" style=\"color:#87ab02;background-color:#ffffff;padding:5px 23px;border-radius:20px;\" href=\"#about1\" rel=\"noopener noreferrer\" target=\"_self\"><\/a><\/div><div class=\"themepark-i-btn\" style=\"color:#ffffff;font-size:16px;border-radius:20px;padding:5px 23px;margin-bottom:13px;margin-top:13px;\"><a href=\"#about2\" rel=\"noopener noreferrer\" target=\"_self\">PESQUISA E INOVA\u00c7\u00c3O<\/a><a class=\"hovers\" data-title=\"RESEARCH AND INNOVATION\" style=\"color:#87ab02;background-color:#ffffff;padding:5px 23px;border-radius:20px;\" href=\"#about2\" rel=\"noopener noreferrer\" target=\"_self\"><\/a><\/div><\/div><\/div><\/div>\n\n\n\n<section class=\"wp-block-themepark-block-themepark-area block_layout thempark-block undefined\" id=\"\" style=\"background-color:#ffffff;padding-bottom:44px;padding-top:78px;\" data-swiper-parallax=\"-700\"><div class=\"block_layout_in\" style=\"\">\n<div class=\"wp-block-column block_layout_in is-layout-flow wp-block-column-is-layout-flow\" id=\"about1\">\n<div class=\"wp-block-columns is-layout-flex wp-container-core-columns-is-layout-9d6595d7 wp-block-columns-is-layout-flex\">\n<div class=\"wp-block-column is-layout-flow wp-block-column-is-layout-flow\">\n<div class=\"wp-block-themepark-block-themepark-wright content-super-p\" style=\"font-size:12px;line-height:24px;padding:10px 15px;\">\n<div class=\"wp-block-column is-layout-flow wp-block-column-is-layout-flow\">\n<h2 class=\"wp-block-heading has-large-font-size\">PERFIL DA EMPRESA<\/h2>\n\n\n\n<div class=\"wp-block-themepark-block-themepark-xian theme_fang_out\" style=\"text-align:left;padding-top:15px;\"><div class=\"fangbox\" style=\"width:63px;height:5px;background-color:#87ab02;\"><\/div><\/div>\n<\/div>\n<\/div>\n\n\n\n<div class=\"wp-block-themepark-block-themepark-wright content-super-p\" style=\"font-size:15px;line-height:29px;color:#666666;padding:10px 15px;\">\n<div class=\"wp-block-column is-layout-flow wp-block-column-is-layout-flow\">\n<p><strong>Henan Xuye Machinery Equipment Co., Ltd.<\/strong>&nbsp;\u00e9 um fabricante l\u00edder especializado em equipamentos avan\u00e7ados de processamento t\u00e9rmico industrial. Projetamos e produzimos equipamentos de alto desempenho&nbsp;<strong>fornos de carv\u00e3o ativado<\/strong>,&nbsp;<strong>fornos de biochar<\/strong>e&nbsp;<strong>sistemas de secagem industrial<\/strong>.<\/p>\n\n\n\n<p>Nossos fornos de carv\u00e3o ativado fornecem&nbsp;<strong>carboniza\u00e7\u00e3o e ativa\u00e7\u00e3o<\/strong>garantindo a alta qualidade do produto para aplica\u00e7\u00f5es ambientais, qu\u00edmicas e farmac\u00eauticas. Os sistemas de produ\u00e7\u00e3o de biochar apresentam&nbsp;<strong>pir\u00f3lise uniforme<\/strong>&nbsp;e&nbsp;<strong>com efici\u00eancia energ\u00e9tica<\/strong>&nbsp;convertendo biomassa em biochar valioso para a agricultura e a ind\u00fastria. Nossos secadores oferecem&nbsp;<strong>secagem r\u00e1pida<\/strong>,&nbsp;<strong>baixo consumo de energia<\/strong>e adaptabilidade a diversos materiais.<\/p>\n\n\n\n<p>A Henan Xuye Machinery capacita os setores com equipamentos dur\u00e1veis e ecologicamente corretos para a produ\u00e7\u00e3o sustent\u00e1vel.<\/p>\n\n\n\n<div class=\"wp-block-themepark-block-btn themepark-i-btn-out\" style=\"text-align:undefined;padding-top:24px;\"><div class=\"themepark-i-btn-out_ins\" style=\"\"><div class=\"themepark-i-btn-out_in\"><div class=\"themepark-i-btn\" style=\"background-color:#87ab02;color:#ffffff;font-size:16px;border-radius:20px;padding:6px 61px;\"><span>Entre em contato conosco<\/span><a class=\"hovers\" data-title=\"Contact Us\" style=\"color:#ffffff;background-color:#444444;padding:6px 61px;border-radius:20px;\" rel=\"noopener noreferrer\" target=\"_self\"><\/a><\/div><\/div><\/div><\/div>\n<\/div>\n<\/div>\n<\/div>\n\n\n\n<div class=\"wp-block-column is-layout-flow wp-block-column-is-layout-flow\" style=\"flex-basis:30px\"><\/div>\n\n\n\n<div class=\"wp-block-column is-layout-flow wp-block-column-is-layout-flow\" style=\"flex-basis:50%\">\n<section class=\"wp-block-themepark-block-themepark-imgtext thempark-block themepark_imgtext updonwmodle undefined\" style=\"\"><div class=\"themepark_imgtext_img\" style=\"\" data-swiper-parallax=\"-1800\"><figure class=\"wp-block-video\"><video class=\"themepark_imgtext_vidio\" poster=\"http:\/\/xuyeequipment.com\/wp-content\/uploads\/2025\/04\/005-2.jpg\" src=\"http:\/\/xuyeequipment.com\/wp-content\/uploads\/2025\/04\/factory.mp4\" controls preload=\"auto\" loop><source src=\"http:\/\/xuyeequipment.com\/wp-content\/uploads\/2025\/04\/factory.mp4\" type=\"video\/mp4\"\/><\/video><\/figure><img class=\"lazyload  swiper-lazy swiper-move-lazy\" style=\"\" data-src=\"http:\/\/xuyeequipment.com\/wp-content\/uploads\/2025\/04\/005-2.jpg\" alt=\"Gasifier Factory\"\/><\/div><div class=\"themepark_imgtext_text\" style=\"\" data-swiper-parallax=\"-1600\">\n<div class=\"wp-block-column is-layout-flow wp-block-column-is-layout-flow\">\n<section class=\"wp-block-themepark-block-themepark-icon thempark-block themepark_icon_list_out undefined  gundong\" id=\"nomo\" style=\"background:#87ab02;\"><div class=\"themepark_icon_list_in\" style=\"\"><div class=\"themepark_icon_lists iconl4 iconls2\" style=\"text-align: ;\"><a class=\"themepark_icon_box\"><div class=\"themepark_icon_box_i\"><div class=\"themepark_icon_box_i_out\"><\/div><b style=\"font-size:12px;color:#ffffff;\">Eficiente<\/b><\/div><\/a><a class=\"themepark_icon_box\"><div class=\"themepark_icon_box_i\"><div class=\"themepark_icon_box_i_out\"><\/div><b style=\"font-size:12px;color:#ffffff;\">Economia de energia<\/b><\/div><\/a><a class=\"themepark_icon_box\"><div class=\"themepark_icon_box_i\"><div class=\"themepark_icon_box_i_out\"><\/div><b style=\"font-size:12px;color:#ffffff;\">Prote\u00e7\u00e3o ambiental<\/b><\/div><\/a><a class=\"themepark_icon_box\"><div class=\"themepark_icon_box_i\"><div class=\"themepark_icon_box_i_out\"><\/div><b style=\"font-size:12px;color:#ffffff;\">Intelig\u00eancia<\/b><\/div><\/a><\/div><\/div><\/section>\n<\/div>\n<\/div><div class=\"themepark_imgtext_ba\" style=\"background-color:#87ab02;opacity:1;background-image:url(https:\/\/xuyeequipment.com\/wp-content\/uploads\/2025\/09\/xuye-factory.webp)\"><\/div><\/section>\n<\/div>\n<\/div>\n<\/div>\n<\/div><div class=\"layout_badh\"><\/div><\/section>\n\n\n\n<section class=\"wp-block-themepark-block-themepark-area block_layout thempark-block undefined bom30 top30\" id=\"\" style=\"padding-bottom:70px;padding-top:70px;\" data-swiper-parallax=\"-700\"><div class=\"block_layout_in\" style=\"\">\n<div class=\"wp-block-column block_layout_in is-layout-flow wp-block-column-is-layout-flow\">\n<section class=\"wp-block-themepark-block-themepark-icon thempark-block themepark_icon_list_out undefined  gundong\" id=\"nomo\" style=\"\"><div class=\"themepark_icon_list_in\" style=\"\"><div class=\"themepark_icon_lists iconl4 iconls2\" style=\"\"><a class=\"themepark_icon_box\"><div class=\"themepark_icon_box_i\"><div class=\"themepark_icon_box_i_out\"><i class=\"fas fa-database\" style=\"color:#ffffff;font-size:24px;\"><\/i><\/div><b style=\"font-size:22px;color:#ffffff;\">Eficiente<\/b><\/div><div class=\"themepark_icon_box_d\" style=\"font-size:16px;color:#ffffff;height:31px;\"><span>Melhoria da efici\u00eancia da produ\u00e7\u00e3o<\/span><\/div><div class=\"themepark_icon_box_bac\" style=\"background:#000000;opacity:0.26;\"><\/div><\/a><a class=\"themepark_icon_box\"><div class=\"themepark_icon_box_i\"><div class=\"themepark_icon_box_i_out\"><i class=\"fas fa-shield-alt\" style=\"color:#ffffff;font-size:24px;\"><\/i><\/div><b style=\"font-size:22px;color:#ffffff;\">Economia de energia<\/b><\/div><div class=\"themepark_icon_box_d\" style=\"font-size:16px;color:#ffffff;height:31px;\"><span>Reduzir os custos operacionais<\/span><\/div><div class=\"themepark_icon_box_bac\" style=\"background:#000000;opacity:0.26;\"><\/div><\/a><a class=\"themepark_icon_box\"><div class=\"themepark_icon_box_i\"><div class=\"themepark_icon_box_i_out\"><i class=\"fas fa-user-tie\" style=\"color:#ffffff;font-size:24px;\"><\/i><\/div><b style=\"font-size:22px;color:#ffffff;\">Prote\u00e7\u00e3o ambiental<\/b><\/div><div class=\"themepark_icon_box_d\" style=\"font-size:16px;color:#ffffff;height:31px;\"><span>Garantir a produ\u00e7\u00e3o ecol\u00f3gica.<\/span><\/div><div class=\"themepark_icon_box_bac\" style=\"background:#000000;opacity:0.26;\"><\/div><\/a><a class=\"themepark_icon_box\"><div class=\"themepark_icon_box_i\"><div class=\"themepark_icon_box_i_out\"><i class=\"fas fa-umbrella\" style=\"color:#ffffff;font-size:24px;\"><\/i><\/div><b style=\"font-size:22px;color:#ffffff;\">Intelig\u00eancia<\/b><\/div><div class=\"themepark_icon_box_d\" style=\"font-size:16px;color:#ffffff;height:31px;\"><span>Melhoria da efici\u00eancia do trabalho.<\/span><\/div><div class=\"themepark_icon_box_bac\" style=\"background:#000000;opacity:0.26;\"><\/div><\/a><\/div><\/div><\/section>\n<\/div>\n<\/div><div class=\"layout_badh\"><div class=\"shizhezhao\" style=\"opacity:0.47;background-color:#87ab02;\"><\/div><div class=\"PcOnly themepark-block_layout_ba lazyload swiper-lazy\" style=\"background-repeat:no-repeat;background-size:cover;\" data-background=\"http:\/\/xuyeequipment.com\/wp-content\/uploads\/2025\/04\/banner1-1.jpg\"><\/div><div class=\"MovePnly themepark-block_layout_ba lazyload swiper-move-lazy\" style=\"background-repeat:no-repeat;background-size:cover;\" data-background=\"http:\/\/xuyeequipment.com\/wp-content\/uploads\/2025\/04\/banner1-1.jpg\"><\/div><\/div><\/section>\n\n\n\n<section class=\"wp-block-themepark-block-themepark-area block_layout thempark-block undefined\" id=\"\" style=\"background-color:#ffffff;padding-bottom:38px;padding-top:40px;\" data-swiper-parallax=\"-700\"><div class=\"block_layout_in\" style=\"\">\n<div class=\"wp-block-column block_layout_in is-layout-flow wp-block-column-is-layout-flow\" id=\"about2\">\n<div class=\"wp-block-themepark-block-themepark-wright content-super-p\" style=\"font-size:12px;line-height:24px;padding:10px 15px;\">\n<div class=\"wp-block-column is-layout-flow wp-block-column-is-layout-flow\">\n<p class=\"has-text-align-center has-themecolor-1-color has-text-color has-link-color has-small-font-size wp-elements-3ed1c4c5bc6e58cd1d4b21bbce3385d9\" style=\"text-transform:uppercase\"><\/p>\n\n\n\n<h2 class=\"wp-block-heading has-text-align-center has-large-font-size\">PESQUISA E INOVA\u00c7\u00c3O<\/h2>\n\n\n\n<div class=\"wp-block-themepark-block-themepark-xian theme_fang_out\" style=\"text-align:center;padding-top:15px;padding-bottom:43px;\"><div class=\"fangbox\" style=\"width:63px;height:5px;background-color:#87ab02;\"><\/div><\/div>\n<\/div>\n<\/div>\n\n\n\n<p><\/p>\n<\/div>\n<\/div><div class=\"layout_badh\"><\/div><\/section>\n\n\n\n<section class=\"wp-block-themepark-block-themepark-area block_layout thempark-block undefined\" id=\"maxw\" style=\"background-color:#ffffff;\" data-swiper-parallax=\"-700\"><div class=\"block_layout_in\" style=\"\">\n<div class=\"wp-block-column block_layout_in is-layout-flow wp-block-column-is-layout-flow\">\n<section class=\"wp-block-themepark-block-themepark-imgtext thempark-block themepark_imgtext bigpic  padingmodle moveupd undefined\" style=\"\"><div class=\"themepark_imgtext_img\" style=\"width:50%;\" data-swiper-parallax=\"-1800\"><img class=\"lazyload  swiper-lazy swiper-move-lazy\" style=\"\" data-src=\"http:\/\/xuyeequipment.com\/wp-content\/uploads\/2025\/04\/enginer.jpg\" alt=\"\"\/><\/div><div class=\"themepark_imgtext_text\" style=\"width:47%;\" data-swiper-parallax=\"-1600\">\n<div class=\"wp-block-column is-layout-flow wp-block-column-is-layout-flow\">\n<div class=\"wp-block-themepark-block-themepark-wright content-super-p\" style=\"font-size:15px;line-height:29px;padding:10px 15px;\">\n<div class=\"wp-block-column is-layout-flow wp-block-column-is-layout-flow\">\n<p><\/p>\n\n\n\n<p><\/p>\n\n\n\n<p><\/p>\n\n\n\n<p>A Xuye Machinery sempre considerou a \"pesquisa\" e a \"inova\u00e7\u00e3o\" como a principal for\u00e7a motriz do desenvolvimento da empresa. A empresa tem uma equipe t\u00e9cnica de P&amp;D de alto n\u00edvel, com foco em avan\u00e7os tecnol\u00f3gicos e atualiza\u00e7\u00f5es inovadoras em equipamentos de secagem de gr\u00e3os e equipamentos de energia. Por meio de pesquisa e desenvolvimento cont\u00ednuos de produtos e melhorias tecnol\u00f3gicas, a Xuye continua a promover o desenvolvimento do setor e a liderar a vanguarda de equipamentos inteligentes e eficientes em termos de energia. Nossos equipamentos continuam a inovar em termos de opera\u00e7\u00e3o inteligente, efici\u00eancia de utiliza\u00e7\u00e3o de energia e desempenho de prote\u00e7\u00e3o ambiental, oferecendo aos clientes solu\u00e7\u00f5es melhores e mais econ\u00f4micas.<\/p>\n\n\n\n<p class=\"has-normal-font-size\"><\/p>\n<\/div>\n\n\n\n<div class=\"wp-block-column is-layout-flow wp-block-column-is-layout-flow\"><\/div>\n<\/div>\n\n\n\n<p><\/p>\n<\/div>\n<\/div><div class=\"themepark_imgtext_ba\" style=\"background-color:#ffffff;opacity:1;\"><\/div><\/section>\n<\/div>\n<\/div><div class=\"layout_badh\"><\/div><\/section>\n\n\n\n<div class=\"wp-block-themepark-block-themepark-wright content-super-p\" style=\"font-size:12px;line-height:20px;padding:10px 10px;\">\n<div class=\"wp-block-column is-layout-flow wp-block-column-is-layout-flow\"><\/div>\n<\/div>","protected":false},"excerpt":{"rendered":"","protected":false},"author":1,"featured_media":0,"parent":0,"menu_order":0,"comment_status":"closed","ping_status":"closed","template":"","meta":{"themepark_post_bcolor":"#f5f5f5","themepark_post_width":"100% dong","themepark_post_img":"","themepark_post_img_po":"left","themepark_post_img_re":false,"themepark_post_img_cover":false,"themepark_post_img_fixed":false,"themepark_post_hide_title":true,"themepark_post_main_b":"","themepark_post_main_p":100,"themepark_paddingblock":true,"footnotes":""},"class_list":["post-409","page","type-page","status-publish","hentry"],"_links":{"self":[{"href":"https:\/\/xuyeequipment.com\/pt\/wp-json\/wp\/v2\/pages\/409","targetHints":{"allow":["GET"]}}],"collection":[{"href":"https:\/\/xuyeequipment.com\/pt\/wp-json\/wp\/v2\/pages"}],"about":[{"href":"https:\/\/xuyeequipment.com\/pt\/wp-json\/wp\/v2\/types\/page"}],"author":[{"embeddable":true,"href":"https:\/\/xuyeequipment.com\/pt\/wp-json\/wp\/v2\/users\/1"}],"replies":[{"embeddable":true,"href":"https:\/\/xuyeequipment.com\/pt\/wp-json\/wp\/v2\/comments?post=409"}],"version-history":[{"count":54,"href":"https:\/\/xuyeequipment.com\/pt\/wp-json\/wp\/v2\/pages\/409\/revisions"}],"predecessor-version":[{"id":1592,"href":"https:\/\/xuyeequipment.com\/pt\/wp-json\/wp\/v2\/pages\/409\/revisions\/1592"}],"wp:attachment":[{"href":"https:\/\/xuyeequipment.com\/pt\/wp-json\/wp\/v2\/media?parent=409"}],"curies":[{"name":"wp","href":"https:\/\/api.w.org\/{rel}","templated":true}]}}